{"id":452,"date":"2026-04-09T13:45:54","date_gmt":"2026-04-09T11:45:54","guid":{"rendered":"https:\/\/www.cars4u.sk\/predaj\/?post_type=product&#038;p=452"},"modified":"2026-04-09T20:25:48","modified_gmt":"2026-04-09T18:25:48","slug":"mercedes-amg-gle-53-4matic-320kw","status":"publish","type":"product","link":"https:\/\/www.cars4u.sk\/predaj\/product\/mercedes-amg-gle-53-4matic-320kw","title":{"rendered":"Mercedes-AMG GLE 53 4MATIC+ 320KW"},"content":{"rendered":"<p>Mercedes-AMG GLE 53 4MATIC+ z roku 2021 s v\u00fdkonom 435 PS pon\u00faka \u0161pi\u010dkov\u00fa kombin\u00e1ciu luxusu, technol\u00f3gi\u00ed a dynamiky. Vozidlo m\u00e1 bohat\u00fa v\u00fdbavu, n\u00edzky n\u00e1jazd a je v perfektnom stave so z\u00e1rukou do roku 2026.<\/p>\n","protected":false},"excerpt":{"rendered":"<p>Dokonal\u00e9 spojenie \u0161portov\u00e9ho v\u00fdkonu AMG a pr\u00e9miov\u00e9ho komfortu pre ka\u017edodenn\u00e9 jazdenie. Vozidlo, ktor\u00e9 si v\u00e1s z\u00edska hne\u010f po prvej jazde.<\/p>\n","protected":false},"featured_media":456,"template":"","meta":{"_acf_changed":false},"product_brand":[245,246],"product_cat":[15],"product_tag":[251,253,35,34,248,250,255,249,38,247,254,32,252],"class_list":{"0":"post-452","1":"product","2":"type-product","3":"status-publish","4":"has-post-thumbnail","6":"product_brand-mercedes","7":"product_brand-mercedes-amg-gle","8":"product_cat-jazdene","9":"product_tag-251","10":"product_tag-435-ps","11":"product_tag-4matic","12":"product_tag-4x4","13":"product_tag-amg","14":"product_tag-amg-suv","15":"product_tag-full-vybava","16":"product_tag-gle-53","17":"product_tag-luxusne-suv","18":"product_tag-mercedes","19":"product_tag-mercedes-predaj","20":"product_tag-suv","21":"product_tag-vykonne-suv","23":"first","24":"instock","25":"shipping-taxable","26":"purchasable","27":"product-type-simple"},"acf":[],"_links":{"self":[{"href":"https:\/\/www.cars4u.sk\/predaj\/wp-json\/wp\/v2\/product\/452","targetHints":{"allow":["GET"]}}],"collection":[{"href":"https:\/\/www.cars4u.sk\/predaj\/wp-json\/wp\/v2\/product"}],"about":[{"href":"https:\/\/www.cars4u.sk\/predaj\/wp-json\/wp\/v2\/types\/product"}],"wp:featuredmedia":[{"embeddable":true,"href":"https:\/\/www.cars4u.sk\/predaj\/wp-json\/wp\/v2\/media\/456"}],"wp:attachment":[{"href":"https:\/\/www.cars4u.sk\/predaj\/wp-json\/wp\/v2\/media?parent=452"}],"wp:term":[{"taxonomy":"product_brand","embeddable":true,"href":"https:\/\/www.cars4u.sk\/predaj\/wp-json\/wp\/v2\/product_brand?post=452"},{"taxonomy":"product_cat","embeddable":true,"href":"https:\/\/www.cars4u.sk\/predaj\/wp-json\/wp\/v2\/product_cat?post=452"},{"taxonomy":"product_tag","embeddable":true,"href":"https:\/\/www.cars4u.sk\/predaj\/wp-json\/wp\/v2\/product_tag?post=452"}],"curies":[{"name":"wp","href":"https:\/\/api.w.org\/{rel}","templated":true}]}}