{"id":310,"date":"2025-11-06T09:49:37","date_gmt":"2025-11-06T08:49:37","guid":{"rendered":"https:\/\/www.cars4u.sk\/predaj\/?post_type=product&#038;p=310"},"modified":"2025-11-27T20:13:14","modified_gmt":"2025-11-27T19:13:14","slug":"volkswagen-touareg-3-0-v6-tdi-bluemotion240k","status":"publish","type":"product","link":"https:\/\/www.cars4u.sk\/predaj\/product\/volkswagen-touareg-3-0-v6-tdi-bluemotion240k","title":{"rendered":"Volkswagen Touareg 3.0 V6 TDI BlueMotion,240k"},"content":{"rendered":"<h3 data-start=\"117\" data-end=\"216\"><strong data-start=\"121\" data-end=\"216\">Volkswagen Touareg 3.0 V6 TDI BlueMotion \u2013 siln\u00e9 a komfortn\u00e9 SUV s automatickou prevodovkou<\/strong><\/h3>\n<p data-start=\"218\" data-end=\"550\">V\u00fdkonn\u00e9 SUV <strong data-start=\"230\" data-end=\"274\">Volkswagen Touareg 3.0 V6 TDI BlueMotion<\/strong> pon\u00faka spo\u013eahlivos\u0165, vysok\u00fd v\u00fdkon a komfort typick\u00fd pre pr\u00e9miov\u00e9 nemeck\u00e9 vozidl\u00e1. Vybaven\u00e9 \u00fasporn\u00fdm dieselov\u00fdm motorom s v\u00fdkonom <strong data-start=\"404\" data-end=\"416\">240 kon\u00ed<\/strong>, 8-stup\u0148ovou automatickou prevodovkou a modern\u00fdm <strong data-start=\"466\" data-end=\"502\">Android r\u00e1diom s c\u00favacou kamerou<\/strong>. Plne pojazdn\u00e9, pripraven\u00e9 na okam\u017eit\u00fa jazdu.<\/p>\n","protected":false},"excerpt":{"rendered":"<p>Volkswagen Touareg 3.0 V6 TDI BlueMotion, v\u00fdkon 240 k, r.v. 2011. Automatick\u00e1 8-stup\u0148ov\u00e1 prevodovka, Android r\u00e1dio s c\u00favacou kamerou, nemeck\u00fd TP. Plne pojazdn\u00e9 SUV v zachovalom stave, mo\u017enos\u0165 \u00faveru, pevn\u00e1 cena 8 000 \u20ac.<\/p>\n","protected":false},"featured_media":328,"template":"","meta":{"_acf_changed":false},"product_brand":[183,21],"product_cat":[15],"product_tag":[200,194,38,57,203,202,185,190,192,189,186,197,193,198,195,191,199,184,201,187,188,196,204],"class_list":{"0":"post-310","1":"product","2":"type-product","3":"status-publish","4":"has-post-thumbnail","6":"product_brand-touareg","7":"product_brand-volkswagen","8":"product_cat-jazdene","9":"product_tag-dieselove-suv","10":"product_tag-jazdeny-volkswagen","11":"product_tag-luxusne-suv","12":"product_tag-spolahlive-suv","13":"product_tag-touareg-176-kw","14":"product_tag-touareg-240-koni","15":"product_tag-touareg-3-0-v6-tdi","16":"product_tag-touareg-4x4","17":"product_tag-touareg-android-radio","18":"product_tag-touareg-automat","19":"product_tag-touareg-bluemotion","20":"product_tag-touareg-cena","21":"product_tag-touareg-cuvacia-kamera","22":"product_tag-touareg-leasing","23":"product_tag-touareg-slovensko","24":"product_tag-touareg-suv","25":"product_tag-touareg-uver","26":"product_tag-volkswagen-touareg","27":"product_tag-volkswagen-wvgzzz7pzbd027402","28":"product_tag-vw-touareg-2011","29":"product_tag-vw-touareg-diesel","30":"product_tag-vw-touareg-predaj","31":"product_tag-vw-touareg-top-stav","33":"first","34":"instock","35":"shipping-taxable","36":"purchasable","37":"product-type-simple"},"acf":[],"_links":{"self":[{"href":"https:\/\/www.cars4u.sk\/predaj\/wp-json\/wp\/v2\/product\/310","targetHints":{"allow":["GET"]}}],"collection":[{"href":"https:\/\/www.cars4u.sk\/predaj\/wp-json\/wp\/v2\/product"}],"about":[{"href":"https:\/\/www.cars4u.sk\/predaj\/wp-json\/wp\/v2\/types\/product"}],"wp:featuredmedia":[{"embeddable":true,"href":"https:\/\/www.cars4u.sk\/predaj\/wp-json\/wp\/v2\/media\/328"}],"wp:attachment":[{"href":"https:\/\/www.cars4u.sk\/predaj\/wp-json\/wp\/v2\/media?parent=310"}],"wp:term":[{"taxonomy":"product_brand","embeddable":true,"href":"https:\/\/www.cars4u.sk\/predaj\/wp-json\/wp\/v2\/product_brand?post=310"},{"taxonomy":"product_cat","embeddable":true,"href":"https:\/\/www.cars4u.sk\/predaj\/wp-json\/wp\/v2\/product_cat?post=310"},{"taxonomy":"product_tag","embeddable":true,"href":"https:\/\/www.cars4u.sk\/predaj\/wp-json\/wp\/v2\/product_tag?post=310"}],"curies":[{"name":"wp","href":"https:\/\/api.w.org\/{rel}","templated":true}]}}