{"id":276,"date":"2025-11-06T09:00:32","date_gmt":"2025-11-06T08:00:32","guid":{"rendered":"https:\/\/www.cars4u.sk\/predaj\/?post_type=product&#038;p=276"},"modified":"2025-11-27T20:19:09","modified_gmt":"2025-11-27T19:19:09","slug":"bmw-c-400-gt","status":"publish","type":"product","link":"https:\/\/www.cars4u.sk\/predaj\/product\/bmw-c-400-gt","title":{"rendered":"BMW C 400 GT"},"content":{"rendered":"<h3 data-start=\"134\" data-end=\"214\"><strong data-start=\"138\" data-end=\"214\">BMW C 400 GT \u2013 Pr\u00e9miov\u00fd mestsk\u00fd maxisk\u00fater v top stave, z\u00e1ruka do 3\/2028<\/strong><\/h3>\n<p data-start=\"216\" data-end=\"566\">Luxusn\u00fd a pohodln\u00fd maxisk\u00fater <strong data-start=\"246\" data-end=\"262\">BMW C 400 GT<\/strong> pon\u00faka ide\u00e1lnu kombin\u00e1ciu v\u00fdkonu, dizajnu a technol\u00f3gi\u00ed pre mestsk\u00e9 aj pr\u00edmestsk\u00e9 jazdy. Z\u00e1novn\u00fd sk\u00fater s <strong data-start=\"369\" data-end=\"405\">minim\u00e1lnym n\u00e1jazdom len 2 028 km<\/strong>, kompletnou servisnou hist\u00f3riou a <strong data-start=\"440\" data-end=\"468\">z\u00e1rukou a\u017e do marca 2028<\/strong>. Vhodn\u00fd aj pre n\u00e1ro\u010dn\u00fdch jazdcov, ktor\u00ed h\u013eadaj\u00fa spo\u013eahliv\u00fd, bezpe\u010dn\u00fd a pr\u00e9miovo vybaven\u00fd stroj.<\/p>\n","protected":false},"excerpt":{"rendered":"<p>Z\u00e1novn\u00fd maxisk\u00fater BMW C 400 GT s n\u00e1jazdom len 2 028 km, z\u00e1rukou do 3\/2028 a mo\u017enos\u0165ou odpo\u010dtu DPH. Luxusn\u00e1 v\u00fdbava \u2013 navig\u00e1cia, vyhrievan\u00e9 sedadlo a rukov\u00e4te, LED svetl\u00e1, keyless \u0161tart.<\/p>\n","protected":false},"featured_media":277,"template":"","meta":{"_acf_changed":false},"product_brand":[134],"product_cat":[15],"product_tag":[152,135,155,156,138,137,136,154,153,139,149,140,141,147,142,151,145,146,143,144,150,148],"class_list":{"0":"post-276","1":"product","2":"type-product","3":"status-publish","4":"has-post-thumbnail","6":"product_brand-bmw","7":"product_cat-jazdene","8":"product_tag-bmw-bratislava-skuter","9":"product_tag-bmw-c-400-gt","10":"product_tag-bmw-c-400-gt-cena","11":"product_tag-bmw-c-400-gt-slovensko","12":"product_tag-bmw-c400gt","13":"product_tag-bmw-scooter","14":"product_tag-bmw-skuter","15":"product_tag-bmw-skuter-predaj","16":"product_tag-bmw-techmoto-servis","17":"product_tag-c-400-gt","18":"product_tag-jazdeny-skuter-bmw","19":"product_tag-maxiskuter-bmw","20":"product_tag-mestsky-skuter-bmw","21":"product_tag-motorka-bmw-c400gt","22":"product_tag-premiovy-skuter","23":"product_tag-skuter-odpocet-dph","24":"product_tag-skuter-s-abs","25":"product_tag-skuter-s-keyless-startom","26":"product_tag-skuter-s-navigaciou","27":"product_tag-skuter-s-vyhrievanym-sedadlom","28":"product_tag-skuter-v-zaruke","29":"product_tag-zanovny-skuter","31":"first","32":"instock","33":"shipping-taxable","34":"purchasable","35":"product-type-simple"},"acf":[],"_links":{"self":[{"href":"https:\/\/www.cars4u.sk\/predaj\/wp-json\/wp\/v2\/product\/276","targetHints":{"allow":["GET"]}}],"collection":[{"href":"https:\/\/www.cars4u.sk\/predaj\/wp-json\/wp\/v2\/product"}],"about":[{"href":"https:\/\/www.cars4u.sk\/predaj\/wp-json\/wp\/v2\/types\/product"}],"wp:featuredmedia":[{"embeddable":true,"href":"https:\/\/www.cars4u.sk\/predaj\/wp-json\/wp\/v2\/media\/277"}],"wp:attachment":[{"href":"https:\/\/www.cars4u.sk\/predaj\/wp-json\/wp\/v2\/media?parent=276"}],"wp:term":[{"taxonomy":"product_brand","embeddable":true,"href":"https:\/\/www.cars4u.sk\/predaj\/wp-json\/wp\/v2\/product_brand?post=276"},{"taxonomy":"product_cat","embeddable":true,"href":"https:\/\/www.cars4u.sk\/predaj\/wp-json\/wp\/v2\/product_cat?post=276"},{"taxonomy":"product_tag","embeddable":true,"href":"https:\/\/www.cars4u.sk\/predaj\/wp-json\/wp\/v2\/product_tag?post=276"}],"curies":[{"name":"wp","href":"https:\/\/api.w.org\/{rel}","templated":true}]}}