{"id":223,"date":"2025-11-05T15:15:31","date_gmt":"2025-11-05T14:15:31","guid":{"rendered":"https:\/\/www.cars4u.sk\/predaj\/?post_type=product&#038;p=223"},"modified":"2025-11-27T20:24:19","modified_gmt":"2025-11-27T19:24:19","slug":"karavan-fendt-larimar-620-bolero-moverklima","status":"publish","type":"product","link":"https:\/\/www.cars4u.sk\/predaj\/product\/karavan-fendt-larimar-620-bolero-moverklima","title":{"rendered":"Karavan Fendt LARIMAR 620 Bolero, mover,klima"},"content":{"rendered":"<p>\ud83c\udfd5 FENDT LARIMAR 620 Bolero \u2013 luxusn\u00fd karavan s klimatiz\u00e1ciou a MOVEROM<\/p>\n<p>Na predaj FENDT LARIMAR 620 Bolero \u2013 kr\u00e1sny, priestrann\u00fd a spo\u013eahliv\u00fd karavan s celkovou d\u013a\u017ekou 8 metrov.<br \/>\nKaravan je vo vynikaj\u00facom stave, nikdy nepo\u017ei\u010diavan\u00fd, pravidelne udr\u017eiavan\u00fd a mimo sez\u00f3ny v\u017edy gar\u00e1\u017eovan\u00fd.<br \/>\nIde\u00e1lny pre rodinn\u00e9 dovolenky, dlh\u0161ie cesty aj komfortn\u00e9 kempovanie po cel\u00fd rok.<\/p>\n<p>&nbsp;<\/p>\n<div class=\"ab-col-4\"><\/div>\n","protected":false},"excerpt":{"rendered":"<p>Fendt Larimar 620 Bolero je luxusn\u00fd a priestrann\u00fd karavan s d\u013a\u017ekou 8 m, ide\u00e1lny pre rodinn\u00e9 cestovanie a komfortn\u00e9 kempovanie. Pon\u00faka nov\u00fa klimatiz\u00e1ciu, k\u00farenie ULTRA HEAT, ve\u013ek\u00fa chladni\u010dku, TV so satelitom a nov\u00fd MOVER na obe n\u00e1pravy. Nikdy nepo\u017ei\u010diavan\u00fd, gar\u00e1\u017eovan\u00fd.<\/p>\n","protected":false},"featured_media":224,"template":"","meta":{"_acf_changed":false},"product_brand":[99],"product_cat":[15],"product_tag":[106,54,108,115,102,117,100,101,119,103,116,51,110,105,107,104,118,114,112,109,111,113],"class_list":{"0":"post-223","1":"product","2":"type-product","3":"status-publish","4":"has-post-thumbnail","6":"product_brand-fendt-larimar","7":"product_cat-jazdene","8":"product_tag-8m-karavan","9":"product_tag-autouver-na-pockanie","10":"product_tag-bojler","11":"product_tag-dovolenka","12":"product_tag-fendt-bolero","13":"product_tag-fendt-caravan","14":"product_tag-fendt-larimar","15":"product_tag-fendt-larimar-620","16":"product_tag-financovanie-karavan","17":"product_tag-karavan","18":"product_tag-kempovanie","19":"product_tag-klimatizacia","20":"product_tag-kurenie-ultra-heat","21":"product_tag-luxusny-karavan","22":"product_tag-mover","23":"product_tag-obytny-prives","24":"product_tag-predaj-karavanu","25":"product_tag-rodinny-karavan","26":"product_tag-satelit","27":"product_tag-sprcha","28":"product_tag-tv-s-android","29":"product_tag-velka-chladnicka","31":"first","32":"instock","33":"shipping-taxable","34":"purchasable","35":"product-type-simple"},"acf":[],"_links":{"self":[{"href":"https:\/\/www.cars4u.sk\/predaj\/wp-json\/wp\/v2\/product\/223","targetHints":{"allow":["GET"]}}],"collection":[{"href":"https:\/\/www.cars4u.sk\/predaj\/wp-json\/wp\/v2\/product"}],"about":[{"href":"https:\/\/www.cars4u.sk\/predaj\/wp-json\/wp\/v2\/types\/product"}],"wp:featuredmedia":[{"embeddable":true,"href":"https:\/\/www.cars4u.sk\/predaj\/wp-json\/wp\/v2\/media\/224"}],"wp:attachment":[{"href":"https:\/\/www.cars4u.sk\/predaj\/wp-json\/wp\/v2\/media?parent=223"}],"wp:term":[{"taxonomy":"product_brand","embeddable":true,"href":"https:\/\/www.cars4u.sk\/predaj\/wp-json\/wp\/v2\/product_brand?post=223"},{"taxonomy":"product_cat","embeddable":true,"href":"https:\/\/www.cars4u.sk\/predaj\/wp-json\/wp\/v2\/product_cat?post=223"},{"taxonomy":"product_tag","embeddable":true,"href":"https:\/\/www.cars4u.sk\/predaj\/wp-json\/wp\/v2\/product_tag?post=223"}],"curies":[{"name":"wp","href":"https:\/\/api.w.org\/{rel}","templated":true}]}}